{"id":1718,"date":"2022-11-08T11:55:29","date_gmt":"2022-11-08T11:55:29","guid":{"rendered":"https:\/\/optikapolgar.hu\/?page_id=1718"},"modified":"2025-11-06T02:26:48","modified_gmt":"2025-11-06T01:26:48","slug":"problem-discovery-2","status":"publish","type":"page","link":"https:\/\/optikapolgar.hu\/en\/problemafeltaras\/","title":{"rendered":"Troubleshooting"},"content":{"rendered":"<div data-elementor-type=\"wp-page\" data-elementor-id=\"1718\" class=\"elementor elementor-1718\" data-elementor-post-type=\"page\">\n\t\t\t\t\t\t<section class=\"elementor-section elementor-top-section elementor-element elementor-element-47d12e7 elementor-section-content-bottom elementor-section-boxed elementor-section-height-default elementor-section-height-default\" data-id=\"47d12e7\" data-element_type=\"section\" data-e-type=\"section\" data-settings=\"{&quot;jet_parallax_layout_list&quot;:[],&quot;background_background&quot;:&quot;classic&quot;}\">\n\t\t\t\t\t\t<div class=\"elementor-container elementor-column-gap-default\">\n\t\t\t\t\t<div class=\"elementor-column elementor-col-100 elementor-top-column elementor-element elementor-element-f66c114\" data-id=\"f66c114\" data-element_type=\"column\" data-e-type=\"column\">\n\t\t\t<div class=\"elementor-widget-wrap elementor-element-populated\">\n\t\t\t\t\t\t\t<\/div>\n\t\t<\/div>\n\t\t\t\t\t<\/div>\n\t\t<\/section>\n\t\t<div class=\"elementor-element elementor-element-43071e3 e-flex e-con-boxed e-con e-parent\" data-id=\"43071e3\" data-element_type=\"container\" data-e-type=\"container\" data-settings=\"{&quot;jet_parallax_layout_list&quot;:[]}\">\n\t\t\t\t\t<div class=\"e-con-inner\">\n\t\t<div class=\"elementor-element elementor-element-0c51e77 e-con-full e-flex e-con e-child\" data-id=\"0c51e77\" data-element_type=\"container\" data-e-type=\"container\" data-settings=\"{&quot;jet_parallax_layout_list&quot;:[]}\">\n\t\t<div class=\"elementor-element elementor-element-698f59a e-con-full e-flex e-con e-child\" data-id=\"698f59a\" data-element_type=\"container\" data-e-type=\"container\" data-settings=\"{&quot;jet_parallax_layout_list&quot;:[]}\">\n\t\t\t\t<div class=\"elementor-element elementor-element-1a4374f elementor-flip-box--3d elementor-flip-box--effect-flip elementor-flip-box--direction-up elementor-widget elementor-widget-flip-box\" data-id=\"1a4374f\" data-element_type=\"widget\" data-e-type=\"widget\" data-widget_type=\"flip-box.default\">\n\t\t\t\t\t\t\t<div class=\"elementor-flip-box\" tabindex=\"0\">\n\t\t\t<div class=\"elementor-flip-box__layer elementor-flip-box__front\">\n\t\t\t\t<div class=\"elementor-flip-box__layer__overlay\">\n\t\t\t\t\t<div class=\"elementor-flip-box__layer__inner\">\n\t\t\t\t\t\t\t\t\t\t\t\t\t<div class=\"elementor-icon-wrapper elementor-view-default\">\n\t\t\t\t\t\t\t\t<div class=\"elementor-icon\">\n\t\t\t\t\t\t\t\t\t\t\t\t\t\t\t\t\t<\/div>\n\t\t\t\t\t\t\t<\/div>\n\t\t\t\t\t\t\n\t\t\t\t\t\t\t\t\t\t\t\t\t<h3 class=\"elementor-flip-box__layer__title\">\n\t\t\t\t\t\t\t\tHeadache\t\t\t\t\t\t\t<\/h3>\n\t\t\t\t\t\t\n\t\t\t\t\t\t\t\t\t\t\t<\/div>\n\t\t\t\t<\/div>\n\t\t\t<\/div>\n\t\t\t<div class=\"elementor-flip-box__layer elementor-flip-box__back\">\n\t\t\t<div class=\"elementor-flip-box__layer__overlay\">\n\t\t\t\t<div class=\"elementor-flip-box__layer__inner\">\n\t\t\t\t\t\n\t\t\t\t\t\t\t\t\t\t\t<div class=\"elementor-flip-box__layer__description\">\n\t\t\t\t\t\t\tAmong many other factors, this can also be eye-related, such as:\n\u2013 lack of proper diopter\n\u2013 improper functioning of the eye muscles\n\u2013 overload of the nervous system\nThese can even trigger migraines.\t\t\t\t\t\t<\/div>\n\t\t\t\t\t\n\t\t\t\t\t\t\t\t<\/div>\n\t\t<\/div>\n\t\t<\/div>\n\t\t<\/div>\n\t\t\t\t\t\t<\/div>\n\t\t\t\t<div class=\"elementor-element elementor-element-bd7cd19 elementor-flip-box--effect-flip elementor-flip-box--direction-up elementor-widget elementor-widget-flip-box\" data-id=\"bd7cd19\" data-element_type=\"widget\" data-e-type=\"widget\" data-widget_type=\"flip-box.default\">\n\t\t\t\t\t\t\t<div class=\"elementor-flip-box\" tabindex=\"0\">\n\t\t\t<div class=\"elementor-flip-box__layer elementor-flip-box__front\">\n\t\t\t\t<div class=\"elementor-flip-box__layer__overlay\">\n\t\t\t\t\t<div class=\"elementor-flip-box__layer__inner\">\n\t\t\t\t\t\t\t\t\t\t\t\t\t<div class=\"elementor-icon-wrapper elementor-view-default\">\n\t\t\t\t\t\t\t\t<div class=\"elementor-icon\">\n\t\t\t\t\t\t\t\t\t\t\t\t\t\t\t\t\t<\/div>\n\t\t\t\t\t\t\t<\/div>\n\t\t\t\t\t\t\n\t\t\t\t\t\t\t\t\t\t\t\t\t<h3 class=\"elementor-flip-box__layer__title\">\n\t\t\t\t\t\t\t\tNight vision\t\t\t\t\t\t\t<\/h3>\n\t\t\t\t\t\t\n\t\t\t\t\t\t\t\t\t\t\t<\/div>\n\t\t\t\t<\/div>\n\t\t\t<\/div>\n\t\t\t<div class=\"elementor-flip-box__layer elementor-flip-box__back\">\n\t\t\t<div class=\"elementor-flip-box__layer__overlay\">\n\t\t\t\t<div class=\"elementor-flip-box__layer__inner\">\n\t\t\t\t\t\n\t\t\t\t\t\t\t\t\t\t\t<div class=\"elementor-flip-box__layer__description\">\n\t\t\t\t\t\t\tLack of proper diopter,\nastigmatism (need for cylinder correction),\nlack of binocular vision (strabismus),\nhigh blood pressure,\ndiabetes,\nimproper pupil function,\npoor-quality lenses and coatings.\t\t\t\t\t\t<\/div>\n\t\t\t\t\t\n\t\t\t\t\t\t\t\t<\/div>\n\t\t<\/div>\n\t\t<\/div>\n\t\t<\/div>\n\t\t\t\t\t\t<\/div>\n\t\t\t\t<div class=\"elementor-element elementor-element-7362a5a elementor-flip-box--effect-flip elementor-flip-box--direction-up elementor-widget elementor-widget-flip-box\" data-id=\"7362a5a\" data-element_type=\"widget\" data-e-type=\"widget\" data-widget_type=\"flip-box.default\">\n\t\t\t\t\t\t\t<div class=\"elementor-flip-box\" tabindex=\"0\">\n\t\t\t<div class=\"elementor-flip-box__layer elementor-flip-box__front\">\n\t\t\t\t<div class=\"elementor-flip-box__layer__overlay\">\n\t\t\t\t\t<div class=\"elementor-flip-box__layer__inner\">\n\t\t\t\t\t\t\t\t\t\t\t\t\t<div class=\"elementor-icon-wrapper elementor-view-default\">\n\t\t\t\t\t\t\t\t<div class=\"elementor-icon\">\n\t\t\t\t\t\t\t\t\t\t\t\t\t\t\t\t\t<\/div>\n\t\t\t\t\t\t\t<\/div>\n\t\t\t\t\t\t\n\t\t\t\t\t\t\t\t\t\t\t\t\t<h3 class=\"elementor-flip-box__layer__title\">\n\t\t\t\t\t\t\t\tDifficulty reading\t\t\t\t\t\t\t<\/h3>\n\t\t\t\t\t\t\n\t\t\t\t\t\t\t\t\t\t\t<\/div>\n\t\t\t\t<\/div>\n\t\t\t<\/div>\n\t\t\t<div class=\"elementor-flip-box__layer elementor-flip-box__back\">\n\t\t\t<div class=\"elementor-flip-box__layer__overlay\">\n\t\t\t\t<div class=\"elementor-flip-box__layer__inner\">\n\t\t\t\t\t\n\t\t\t\t\t\t\t\t\t\t\t<div class=\"elementor-flip-box__layer__description\">\n\t\t\t\t\t\t\tStrabismus or latent strabismus,\nincorrect diopter,\nimproperly adjusted glasses,\nphysiological factors,\npoor lighting.\n\t\t\t\t\t\t<\/div>\n\t\t\t\t\t\n\t\t\t\t\t\t\t\t<\/div>\n\t\t<\/div>\n\t\t<\/div>\n\t\t<\/div>\n\t\t\t\t\t\t<\/div>\n\t\t\t\t<div class=\"elementor-element elementor-element-310315b elementor-flip-box--effect-flip elementor-flip-box--direction-up elementor-widget elementor-widget-flip-box\" data-id=\"310315b\" data-element_type=\"widget\" data-e-type=\"widget\" data-widget_type=\"flip-box.default\">\n\t\t\t\t\t\t\t<div class=\"elementor-flip-box\" tabindex=\"0\">\n\t\t\t<div class=\"elementor-flip-box__layer elementor-flip-box__front\">\n\t\t\t\t<div class=\"elementor-flip-box__layer__overlay\">\n\t\t\t\t\t<div class=\"elementor-flip-box__layer__inner\">\n\t\t\t\t\t\t\t\t\t\t\t\t\t<div class=\"elementor-icon-wrapper elementor-view-default\">\n\t\t\t\t\t\t\t\t<div class=\"elementor-icon\">\n\t\t\t\t\t\t\t\t\t\t\t\t\t\t\t\t\t<\/div>\n\t\t\t\t\t\t\t<\/div>\n\t\t\t\t\t\t\n\t\t\t\t\t\t\t\t\t\t\t\t\t<h3 class=\"elementor-flip-box__layer__title\">\n\t\t\t\t\t\t\t\tSzemsz\u00e1razs\u00e1g\t\t\t\t\t\t\t<\/h3>\n\t\t\t\t\t\t\n\t\t\t\t\t\t\t\t\t\t\t<\/div>\n\t\t\t\t<\/div>\n\t\t\t<\/div>\n\t\t\t<div class=\"elementor-flip-box__layer elementor-flip-box__back\">\n\t\t\t<div class=\"elementor-flip-box__layer__overlay\">\n\t\t\t\t<div class=\"elementor-flip-box__layer__inner\">\n\t\t\t\t\t\n\t\t\t\t\t\t\t\t\t\t\t<div class=\"elementor-flip-box__layer__description\">\n\t\t\t\t\t\t\tHormonal factors may be involved,\nimproper tear film composition,\ntear production issues,\nexcessive screen and digital device use.\t\t\t\t\t\t<\/div>\n\t\t\t\t\t\n\t\t\t\t\t\t\t\t<\/div>\n\t\t<\/div>\n\t\t<\/div>\n\t\t<\/div>\n\t\t\t\t\t\t<\/div>\n\t\t\t\t<\/div>\n\t\t<div class=\"elementor-element elementor-element-e959d84 e-con-full e-flex e-con e-child\" data-id=\"e959d84\" data-element_type=\"container\" data-e-type=\"container\" data-settings=\"{&quot;jet_parallax_layout_list&quot;:[]}\">\n\t\t\t\t<div class=\"elementor-element elementor-element-482a23a elementor-flip-box--effect-flip elementor-flip-box--direction-up elementor-widget elementor-widget-flip-box\" data-id=\"482a23a\" data-element_type=\"widget\" data-e-type=\"widget\" data-widget_type=\"flip-box.default\">\n\t\t\t\t\t\t\t<div class=\"elementor-flip-box\" tabindex=\"0\">\n\t\t\t<div class=\"elementor-flip-box__layer elementor-flip-box__front\">\n\t\t\t\t<div class=\"elementor-flip-box__layer__overlay\">\n\t\t\t\t\t<div class=\"elementor-flip-box__layer__inner\">\n\t\t\t\t\t\t\t\t\t\t\t\t\t<div class=\"elementor-icon-wrapper elementor-view-default\">\n\t\t\t\t\t\t\t\t<div class=\"elementor-icon\">\n\t\t\t\t\t\t\t\t\t\t\t\t\t\t\t\t\t<\/div>\n\t\t\t\t\t\t\t<\/div>\n\t\t\t\t\t\t\n\t\t\t\t\t\t\t\t\t\t\t\t\t<h3 class=\"elementor-flip-box__layer__title\">\n\t\t\t\t\t\t\t\tBlurred vision\t\t\t\t\t\t\t<\/h3>\n\t\t\t\t\t\t\n\t\t\t\t\t\t\t\t\t\t\t<\/div>\n\t\t\t\t<\/div>\n\t\t\t<\/div>\n\t\t\t<div class=\"elementor-flip-box__layer elementor-flip-box__back\">\n\t\t\t<div class=\"elementor-flip-box__layer__overlay\">\n\t\t\t\t<div class=\"elementor-flip-box__layer__inner\">\n\t\t\t\t\t\n\t\t\t\t\t\t\t\t\t\t\t<div class=\"elementor-flip-box__layer__description\">\n\t\t\t\t\t\t\tIncorrect or missing diopter,\ndisrupted tear film composition,\nother eye conditions,\nstrabismus,\namblyopia,\ncataract,\ndry eye,\ncorneal injury,\nastigmatism \u2013 an irregular corneal shape requiring cylinder correction.\t\t\t\t\t\t<\/div>\n\t\t\t\t\t\n\t\t\t\t\t\t\t\t<\/div>\n\t\t<\/div>\n\t\t<\/div>\n\t\t<\/div>\n\t\t\t\t\t\t<\/div>\n\t\t\t\t<div class=\"elementor-element elementor-element-1375a76 elementor-flip-box--effect-flip elementor-flip-box--direction-up elementor-widget elementor-widget-flip-box\" data-id=\"1375a76\" data-element_type=\"widget\" data-e-type=\"widget\" data-widget_type=\"flip-box.default\">\n\t\t\t\t\t\t\t<div class=\"elementor-flip-box\" tabindex=\"0\">\n\t\t\t<div class=\"elementor-flip-box__layer elementor-flip-box__front\">\n\t\t\t\t<div class=\"elementor-flip-box__layer__overlay\">\n\t\t\t\t\t<div class=\"elementor-flip-box__layer__inner\">\n\t\t\t\t\t\t\t\t\t\t\t\t\t<div class=\"elementor-icon-wrapper elementor-view-default\">\n\t\t\t\t\t\t\t\t<div class=\"elementor-icon\">\n\t\t\t\t\t\t\t\t\t\t\t\t\t\t\t\t\t<\/div>\n\t\t\t\t\t\t\t<\/div>\n\t\t\t\t\t\t\n\t\t\t\t\t\t\t\t\t\t\t\t\t<h3 class=\"elementor-flip-box__layer__title\">\n\t\t\t\t\t\t\t\tConcentration difficulties\t\t\t\t\t\t\t<\/h3>\n\t\t\t\t\t\t\n\t\t\t\t\t\t\t\t\t\t\t<\/div>\n\t\t\t\t<\/div>\n\t\t\t<\/div>\n\t\t\t<div class=\"elementor-flip-box__layer elementor-flip-box__back\">\n\t\t\t<div class=\"elementor-flip-box__layer__overlay\">\n\t\t\t\t<div class=\"elementor-flip-box__layer__inner\">\n\t\t\t\t\t\n\t\t\t\t\t\t\t\t\t\t\t<div class=\"elementor-flip-box__layer__description\">\n\t\t\t\t\t\t\tOverloaded nervous system,\nexcessive \u201caccommodation\u201d of the eyes,\nincorrect diopter,\nnon-ergonomic working distance,\npoor work-eyewear design.\t\t\t\t\t\t<\/div>\n\t\t\t\t\t\n\t\t\t\t\t\t\t\t<\/div>\n\t\t<\/div>\n\t\t<\/div>\n\t\t<\/div>\n\t\t\t\t\t\t<\/div>\n\t\t\t\t<div class=\"elementor-element elementor-element-d3312ee elementor-flip-box--effect-flip elementor-flip-box--direction-up elementor-widget elementor-widget-flip-box\" data-id=\"d3312ee\" data-element_type=\"widget\" data-e-type=\"widget\" data-widget_type=\"flip-box.default\">\n\t\t\t\t\t\t\t<div class=\"elementor-flip-box\" tabindex=\"0\">\n\t\t\t<div class=\"elementor-flip-box__layer elementor-flip-box__front\">\n\t\t\t\t<div class=\"elementor-flip-box__layer__overlay\">\n\t\t\t\t\t<div class=\"elementor-flip-box__layer__inner\">\n\t\t\t\t\t\t\n\t\t\t\t\t\t\t\t\t\t\t\t\t<h3 class=\"elementor-flip-box__layer__title\">\n\t\t\t\t\t\t\t\tFatigue\t\t\t\t\t\t\t<\/h3>\n\t\t\t\t\t\t\n\t\t\t\t\t\t\t\t\t\t\t<\/div>\n\t\t\t\t<\/div>\n\t\t\t<\/div>\n\t\t\t<div class=\"elementor-flip-box__layer elementor-flip-box__back\">\n\t\t\t<div class=\"elementor-flip-box__layer__overlay\">\n\t\t\t\t<div class=\"elementor-flip-box__layer__inner\">\n\t\t\t\t\t\n\t\t\t\t\t\t\t\t\t\t\t<div class=\"elementor-flip-box__layer__description\">\n\t\t\t\t\t\t\tStrained vision,\noverloaded nervous system,\nincorrect diopter,\nimproper progressive\/multifocal lens type.\t\t\t\t\t\t<\/div>\n\t\t\t\t\t\n\t\t\t\t\t\t\t\t<\/div>\n\t\t<\/div>\n\t\t<\/div>\n\t\t<\/div>\n\t\t\t\t\t\t<\/div>\n\t\t\t\t<\/div>\n\t\t\t\t<\/div>\n\t\t\t\t\t<\/div>\n\t\t\t\t<\/div>\n\t\t\t\t<section class=\"elementor-section elementor-top-section elementor-element elementor-element-e596c12 elementor-section-boxed elementor-section-height-default elementor-section-height-default\" data-id=\"e596c12\" data-element_type=\"section\" data-e-type=\"section\" data-settings=\"{&quot;jet_parallax_layout_list&quot;:[]}\">\n\t\t\t\t\t\t<div class=\"elementor-container elementor-column-gap-default\">\n\t\t\t\t\t<div class=\"elementor-column elementor-col-100 elementor-top-column elementor-element elementor-element-107867d\" data-id=\"107867d\" data-element_type=\"column\" data-e-type=\"column\">\n\t\t\t<div class=\"elementor-widget-wrap elementor-element-populated\">\n\t\t\t\t\t\t<div class=\"elementor-element elementor-element-9698356 elementor-widget elementor-widget-heading\" data-id=\"9698356\" data-element_type=\"widget\" data-e-type=\"widget\" data-widget_type=\"heading.default\">\n\t\t\t\t\t<h4 class=\"elementor-heading-title elementor-size-default\">There is a solution to these problems, you will have a visual experience, 3D vision screening and vision care for healthy eyes and vision. <br>By caring for your vision, the result is healthy eyes and clear sight.<\/h4>\t\t\t\t<\/div>\n\t\t\t\t<div class=\"elementor-element elementor-element-cf24a1a elementor-align-center elementor-widget elementor-widget-button\" data-id=\"cf24a1a\" data-element_type=\"widget\" data-e-type=\"widget\" data-widget_type=\"button.default\">\n\t\t\t\t\t\t\t\t\t\t<a class=\"elementor-button elementor-button-link elementor-size-sm\" href=\"https:\/\/optikapolgar.hu\/en\/idopontfoglalas\/\">\n\t\t\t\t\t\t<span class=\"elementor-button-content-wrapper\">\n\t\t\t\t\t\t\t\t\t<span class=\"elementor-button-text\">Book an appointment<\/span>\n\t\t\t\t\t<\/span>\n\t\t\t\t\t<\/a>\n\t\t\t\t\t\t\t\t<\/div>\n\t\t\t\t\t<\/div>\n\t\t<\/div>\n\t\t\t\t\t<\/div>\n\t\t<\/section>\n\t\t\t\t<\/div>","protected":false},"excerpt":{"rendered":"<p>Fejf\u00e1j\u00e1s Sz\u00e1mos t\u00e9nyez\u0151n k\u00edv\u0171l ez lehet szem eredet\u0171 is, pl &#8211; dioptriahi\u00e1ny szemizmok nem megfelel\u0151 m\u0171k\u00f6d\u00e9se idegrendszer t\u00falterhel\u00e9se ezek ak\u00e1r migr\u00e9nt is kiv\u00e1lthatnak Esti rossz l\u00e1t\u00e1s Dioptriahi\u00e1ny astigmia ( cilinder dioptria ig\u00e9nye) k\u00e9tszemes l\u00e1t\u00e1s hi\u00e1nya (kancsals\u00e1g) magas v\u00e9rnyom\u00e1s cukorbetegs\u00e9g pupilla nem megfelel\u0151 m\u0171k\u00f6d\u00e9se rossz min\u0151s\u00e9g\u0171 szem\u00fcveglencse \u00e9s fel\u00fcletkezel\u00e9s Neh\u00e9z olvas\u00e1s Kancsals\u00e1g, rejtett kancsals\u00e1g, rossz dioptria, [&hellip;]<\/p>\n","protected":false},"author":3,"featured_media":0,"parent":0,"menu_order":0,"comment_status":"closed","ping_status":"closed","template":"","meta":{"footnotes":""},"class_list":["post-1718","page","type-page","status-publish","hentry"],"yoast_head":"<!-- This site is optimized with the Yoast SEO Premium plugin v27.2 (Yoast SEO v27.3) - https:\/\/yoast.com\/product\/yoast-seo-premium-wordpress\/ -->\n<title>Probl\u00e9mafelt\u00e1r\u00e1s - Polg\u00e1r Optika - L\u00e1t\u00e1sgondoz\u00e1s Szalon<\/title>\n<meta name=\"robots\" content=\"index, follow, max-snippet:-1, max-image-preview:large, max-video-preview:-1\" \/>\n<link rel=\"canonical\" href=\"https:\/\/optikapolgar.hu\/en\/problem-discovery-2\/\" \/>\n<meta property=\"og:locale\" content=\"en_GB\" \/>\n<meta property=\"og:type\" content=\"article\" \/>\n<meta property=\"og:title\" content=\"Probl\u00e9mafelt\u00e1r\u00e1s\" \/>\n<meta property=\"og:description\" content=\"Fejf\u00e1j\u00e1s Sz\u00e1mos t\u00e9nyez\u0151n k\u00edv\u0171l ez lehet szem eredet\u0171 is, pl &#8211; dioptriahi\u00e1ny szemizmok nem megfelel\u0151 m\u0171k\u00f6d\u00e9se idegrendszer t\u00falterhel\u00e9se ezek ak\u00e1r migr\u00e9nt is kiv\u00e1lthatnak Esti rossz l\u00e1t\u00e1s Dioptriahi\u00e1ny astigmia ( cilinder dioptria ig\u00e9nye) k\u00e9tszemes l\u00e1t\u00e1s hi\u00e1nya (kancsals\u00e1g) magas v\u00e9rnyom\u00e1s cukorbetegs\u00e9g pupilla nem megfelel\u0151 m\u0171k\u00f6d\u00e9se rossz min\u0151s\u00e9g\u0171 szem\u00fcveglencse \u00e9s fel\u00fcletkezel\u00e9s Neh\u00e9z olvas\u00e1s Kancsals\u00e1g, rejtett kancsals\u00e1g, rossz dioptria, [&hellip;]\" \/>\n<meta property=\"og:url\" content=\"https:\/\/optikapolgar.hu\/en\/problem-discovery-2\/\" \/>\n<meta property=\"og:site_name\" content=\"Polg\u00e1r Optika - L\u00e1t\u00e1sgondoz\u00e1s Szalon\" \/>\n<meta property=\"article:publisher\" content=\"https:\/\/www.facebook.com\/polgaroptika\" \/>\n<meta property=\"article:modified_time\" content=\"2025-11-06T01:26:48+00:00\" \/>\n<meta name=\"twitter:card\" content=\"summary_large_image\" \/>\n<meta name=\"twitter:label1\" content=\"Estimated reading time\" \/>\n\t<meta name=\"twitter:data1\" content=\"1 minute\" \/>\n<script type=\"application\/ld+json\" class=\"yoast-schema-graph\">{\"@context\":\"https:\\\/\\\/schema.org\",\"@graph\":[{\"@type\":\"WebPage\",\"@id\":\"https:\\\/\\\/optikapolgar.hu\\\/problemafeltaras\\\/\",\"url\":\"https:\\\/\\\/optikapolgar.hu\\\/problemafeltaras\\\/\",\"name\":\"Probl\u00e9mafelt\u00e1r\u00e1s - Polg\u00e1r Optika - L\u00e1t\u00e1sgondoz\u00e1s Szalon\",\"isPartOf\":{\"@id\":\"https:\\\/\\\/optikapolgar.hu\\\/#website\"},\"datePublished\":\"2022-11-08T11:55:29+00:00\",\"dateModified\":\"2025-11-06T01:26:48+00:00\",\"breadcrumb\":{\"@id\":\"https:\\\/\\\/optikapolgar.hu\\\/problemafeltaras\\\/#breadcrumb\"},\"inLanguage\":\"en-GB\",\"potentialAction\":[{\"@type\":\"ReadAction\",\"target\":[\"https:\\\/\\\/optikapolgar.hu\\\/problemafeltaras\\\/\"]}]},{\"@type\":\"BreadcrumbList\",\"@id\":\"https:\\\/\\\/optikapolgar.hu\\\/problemafeltaras\\\/#breadcrumb\",\"itemListElement\":[{\"@type\":\"ListItem\",\"position\":1,\"name\":\"Home\",\"item\":\"https:\\\/\\\/optikapolgar.hu\\\/\"},{\"@type\":\"ListItem\",\"position\":2,\"name\":\"Probl\u00e9mafelt\u00e1r\u00e1s\"}]},{\"@type\":\"WebSite\",\"@id\":\"https:\\\/\\\/optikapolgar.hu\\\/#website\",\"url\":\"https:\\\/\\\/optikapolgar.hu\\\/\",\"name\":\"Polg\u00e1r Optika - L\u00e1t\u00e1sgondoz\u00e1s Szalon\",\"description\":\"Polg\u00e1r Optika\",\"publisher\":{\"@id\":\"https:\\\/\\\/optikapolgar.hu\\\/#organization\"},\"potentialAction\":[{\"@type\":\"SearchAction\",\"target\":{\"@type\":\"EntryPoint\",\"urlTemplate\":\"https:\\\/\\\/optikapolgar.hu\\\/?s={search_term_string}\"},\"query-input\":{\"@type\":\"PropertyValueSpecification\",\"valueRequired\":true,\"valueName\":\"search_term_string\"}}],\"inLanguage\":\"en-GB\"},{\"@type\":\"Organization\",\"@id\":\"https:\\\/\\\/optikapolgar.hu\\\/#organization\",\"name\":\"Polg\u00e1r Optika - L\u00e1t\u00e1sgondoz\u00e1s Szalon\",\"url\":\"https:\\\/\\\/optikapolgar.hu\\\/\",\"logo\":{\"@type\":\"ImageObject\",\"inLanguage\":\"en-GB\",\"@id\":\"https:\\\/\\\/optikapolgar.hu\\\/#\\\/schema\\\/logo\\\/image\\\/\",\"url\":\"https:\\\/\\\/optikapolgar.hu\\\/wp-content\\\/uploads\\\/2022\\\/06\\\/PolgarOptika_logo_arany.svg\",\"contentUrl\":\"https:\\\/\\\/optikapolgar.hu\\\/wp-content\\\/uploads\\\/2022\\\/06\\\/PolgarOptika_logo_arany.svg\",\"width\":206,\"height\":208,\"caption\":\"Polg\u00e1r Optika - L\u00e1t\u00e1sgondoz\u00e1s Szalon\"},\"image\":{\"@id\":\"https:\\\/\\\/optikapolgar.hu\\\/#\\\/schema\\\/logo\\\/image\\\/\"},\"sameAs\":[\"https:\\\/\\\/www.facebook.com\\\/polgaroptika\",\"https:\\\/\\\/instagram.com\\\/polgar_optika?igshid=YmMyMTA2M2Y=\"]}]}<\/script>\n<!-- \/ Yoast SEO Premium plugin. -->","yoast_head_json":{"title":"Probl\u00e9mafelt\u00e1r\u00e1s - Polg\u00e1r Optika - L\u00e1t\u00e1sgondoz\u00e1s Szalon","robots":{"index":"index","follow":"follow","max-snippet":"max-snippet:-1","max-image-preview":"max-image-preview:large","max-video-preview":"max-video-preview:-1"},"canonical":"https:\/\/optikapolgar.hu\/en\/problem-discovery-2\/","og_locale":"en_GB","og_type":"article","og_title":"Probl\u00e9mafelt\u00e1r\u00e1s","og_description":"Fejf\u00e1j\u00e1s Sz\u00e1mos t\u00e9nyez\u0151n k\u00edv\u0171l ez lehet szem eredet\u0171 is, pl &#8211; dioptriahi\u00e1ny szemizmok nem megfelel\u0151 m\u0171k\u00f6d\u00e9se idegrendszer t\u00falterhel\u00e9se ezek ak\u00e1r migr\u00e9nt is kiv\u00e1lthatnak Esti rossz l\u00e1t\u00e1s Dioptriahi\u00e1ny astigmia ( cilinder dioptria ig\u00e9nye) k\u00e9tszemes l\u00e1t\u00e1s hi\u00e1nya (kancsals\u00e1g) magas v\u00e9rnyom\u00e1s cukorbetegs\u00e9g pupilla nem megfelel\u0151 m\u0171k\u00f6d\u00e9se rossz min\u0151s\u00e9g\u0171 szem\u00fcveglencse \u00e9s fel\u00fcletkezel\u00e9s Neh\u00e9z olvas\u00e1s Kancsals\u00e1g, rejtett kancsals\u00e1g, rossz dioptria, [&hellip;]","og_url":"https:\/\/optikapolgar.hu\/en\/problem-discovery-2\/","og_site_name":"Polg\u00e1r Optika - L\u00e1t\u00e1sgondoz\u00e1s Szalon","article_publisher":"https:\/\/www.facebook.com\/polgaroptika","article_modified_time":"2025-11-06T01:26:48+00:00","twitter_card":"summary_large_image","twitter_misc":{"Estimated reading time":"1 minute"},"schema":{"@context":"https:\/\/schema.org","@graph":[{"@type":"WebPage","@id":"https:\/\/optikapolgar.hu\/problemafeltaras\/","url":"https:\/\/optikapolgar.hu\/problemafeltaras\/","name":"Probl\u00e9mafelt\u00e1r\u00e1s - Polg\u00e1r Optika - L\u00e1t\u00e1sgondoz\u00e1s Szalon","isPartOf":{"@id":"https:\/\/optikapolgar.hu\/#website"},"datePublished":"2022-11-08T11:55:29+00:00","dateModified":"2025-11-06T01:26:48+00:00","breadcrumb":{"@id":"https:\/\/optikapolgar.hu\/problemafeltaras\/#breadcrumb"},"inLanguage":"en-GB","potentialAction":[{"@type":"ReadAction","target":["https:\/\/optikapolgar.hu\/problemafeltaras\/"]}]},{"@type":"BreadcrumbList","@id":"https:\/\/optikapolgar.hu\/problemafeltaras\/#breadcrumb","itemListElement":[{"@type":"ListItem","position":1,"name":"Home","item":"https:\/\/optikapolgar.hu\/"},{"@type":"ListItem","position":2,"name":"Probl\u00e9mafelt\u00e1r\u00e1s"}]},{"@type":"WebSite","@id":"https:\/\/optikapolgar.hu\/#website","url":"https:\/\/optikapolgar.hu\/","name":"Polg\u00e1r Optika - L\u00e1t\u00e1sgondoz\u00e1s Szalon","description":"Polgar Optics","publisher":{"@id":"https:\/\/optikapolgar.hu\/#organization"},"potentialAction":[{"@type":"SearchAction","target":{"@type":"EntryPoint","urlTemplate":"https:\/\/optikapolgar.hu\/?s={search_term_string}"},"query-input":{"@type":"PropertyValueSpecification","valueRequired":true,"valueName":"search_term_string"}}],"inLanguage":"en-GB"},{"@type":"Organization","@id":"https:\/\/optikapolgar.hu\/#organization","name":"Polg\u00e1r Optika - L\u00e1t\u00e1sgondoz\u00e1s Szalon","url":"https:\/\/optikapolgar.hu\/","logo":{"@type":"ImageObject","inLanguage":"en-GB","@id":"https:\/\/optikapolgar.hu\/#\/schema\/logo\/image\/","url":"https:\/\/optikapolgar.hu\/wp-content\/uploads\/2022\/06\/PolgarOptika_logo_arany.svg","contentUrl":"https:\/\/optikapolgar.hu\/wp-content\/uploads\/2022\/06\/PolgarOptika_logo_arany.svg","width":206,"height":208,"caption":"Polg\u00e1r Optika - L\u00e1t\u00e1sgondoz\u00e1s Szalon"},"image":{"@id":"https:\/\/optikapolgar.hu\/#\/schema\/logo\/image\/"},"sameAs":["https:\/\/www.facebook.com\/polgaroptika","https:\/\/instagram.com\/polgar_optika?igshid=YmMyMTA2M2Y="]}]}},"_links":{"self":[{"href":"https:\/\/optikapolgar.hu\/en\/wp-json\/wp\/v2\/pages\/1718","targetHints":{"allow":["GET"]}}],"collection":[{"href":"https:\/\/optikapolgar.hu\/en\/wp-json\/wp\/v2\/pages"}],"about":[{"href":"https:\/\/optikapolgar.hu\/en\/wp-json\/wp\/v2\/types\/page"}],"author":[{"embeddable":true,"href":"https:\/\/optikapolgar.hu\/en\/wp-json\/wp\/v2\/users\/3"}],"replies":[{"embeddable":true,"href":"https:\/\/optikapolgar.hu\/en\/wp-json\/wp\/v2\/comments?post=1718"}],"version-history":[{"count":59,"href":"https:\/\/optikapolgar.hu\/en\/wp-json\/wp\/v2\/pages\/1718\/revisions"}],"predecessor-version":[{"id":3586,"href":"https:\/\/optikapolgar.hu\/en\/wp-json\/wp\/v2\/pages\/1718\/revisions\/3586"}],"wp:attachment":[{"href":"https:\/\/optikapolgar.hu\/en\/wp-json\/wp\/v2\/media?parent=1718"}],"curies":[{"name":"wp","href":"https:\/\/api.w.org\/{rel}","templated":true}]}}